{"id":4497,"date":"2025-11-04T15:00:44","date_gmt":"2025-11-04T18:00:44","guid":{"rendered":"https:\/\/adolfoneto.com.br\/?page_id=4497"},"modified":"2025-11-04T15:20:38","modified_gmt":"2025-11-04T18:20:38","slug":"canal-de-denuncia-anonima","status":"publish","type":"page","link":"https:\/\/adolfoneto.com.br\/?page_id=4497","title":{"rendered":"Canal de Den\u00fancia An\u00f4nima"},"content":{"rendered":"\t\t<div data-elementor-type=\"wp-page\" data-elementor-id=\"4497\" class=\"elementor elementor-4497\" data-elementor-post-type=\"page\">\n\t\t\t\t\t\t<section class=\"elementor-section elementor-top-section elementor-element elementor-element-e2bcb71 elementor-section-stretched elementor-section-boxed elementor-section-height-default elementor-section-height-default\" data-id=\"e2bcb71\" data-element_type=\"section\" data-settings=\"{&quot;stretch_section&quot;:&quot;section-stretched&quot;}\">\n\t\t\t\t\t\t<div class=\"elementor-container elementor-column-gap-extended\">\n\t\t\t\t\t<div class=\"elementor-column elementor-col-100 elementor-top-column elementor-element elementor-element-170a977\" data-id=\"170a977\" data-element_type=\"column\">\n\t\t\t<div class=\"elementor-widget-wrap\">\n\t\t\t\t\t\t\t<\/div>\n\t\t<\/div>\n\t\t\t\t\t<\/div>\n\t\t<\/section>\n\t\t\t\t<section class=\"elementor-section elementor-top-section elementor-element elementor-element-30d7c6f elementor-section-stretched elementor-section-boxed elementor-section-height-default elementor-section-height-default\" data-id=\"30d7c6f\" data-element_type=\"section\" data-settings=\"{&quot;stretch_section&quot;:&quot;section-stretched&quot;,&quot;background_background&quot;:&quot;classic&quot;}\">\n\t\t\t\t\t\t\t<div class=\"elementor-background-overlay\"><\/div>\n\t\t\t\t\t\t\t<div class=\"elementor-container elementor-column-gap-extended\">\n\t\t\t\t\t<div class=\"elementor-column elementor-col-100 elementor-top-column elementor-element elementor-element-ed51119\" data-id=\"ed51119\" data-element_type=\"column\" data-settings=\"{&quot;background_background&quot;:&quot;classic&quot;}\">\n\t\t\t<div class=\"elementor-widget-wrap elementor-element-populated\">\n\t\t\t\t\t\t<div class=\"elementor-element elementor-element-8e483b4 elementor-widget elementor-widget-apus_element_heading\" data-id=\"8e483b4\" data-element_type=\"widget\" data-widget_type=\"apus_element_heading.default\">\n\t\t\t\t<div class=\"elementor-widget-container\">\n\t\t\t<div class=\"apus-heading l-center \"><h2 class=\"heading-title\"><span>A Adolfo Neto disponibiliza para voc\u00ea um canal de den\u00fancia<\/span><\/h2><div class=\"wt-separator-outer\">\n                            <div class=\"wt-separator\">\n                                <span class=\"separator-left bg-theme\"><\/span>\n                                <span class=\"separator-right bg-theme\"><\/span>\n                            <\/div>\n                        <\/div><div class=\"sub\"><div class=\"sub-title-inside\">Fique tranquilo que \u00e9 totalmente an\u00f4nimo<\/div><\/div><\/div>\t\t<\/div>\n\t\t\t\t<\/div>\n\t\t\t\t<div class=\"elementor-element elementor-element-31bf45d elementor-widget elementor-widget-spacer\" data-id=\"31bf45d\" data-element_type=\"widget\" data-widget_type=\"spacer.default\">\n\t\t\t\t<div class=\"elementor-widget-container\">\n\t\t\t<style>\/*! elementor - v3.21.0 - 15-04-2024 *\/\n.elementor-column .elementor-spacer-inner{height:var(--spacer-size)}.e-con{--container-widget-width:100%}.e-con-inner>.elementor-widget-spacer,.e-con>.elementor-widget-spacer{width:var(--container-widget-width,var(--spacer-size));--align-self:var(--container-widget-align-self,initial);--flex-shrink:0}.e-con-inner>.elementor-widget-spacer>.elementor-widget-container,.e-con>.elementor-widget-spacer>.elementor-widget-container{height:100%;width:100%}.e-con-inner>.elementor-widget-spacer>.elementor-widget-container>.elementor-spacer,.e-con>.elementor-widget-spacer>.elementor-widget-container>.elementor-spacer{height:100%}.e-con-inner>.elementor-widget-spacer>.elementor-widget-container>.elementor-spacer>.elementor-spacer-inner,.e-con>.elementor-widget-spacer>.elementor-widget-container>.elementor-spacer>.elementor-spacer-inner{height:var(--container-widget-height,var(--spacer-size))}.e-con-inner>.elementor-widget-spacer.elementor-widget-empty,.e-con>.elementor-widget-spacer.elementor-widget-empty{position:relative;min-height:22px;min-width:22px}.e-con-inner>.elementor-widget-spacer.elementor-widget-empty .elementor-widget-empty-icon,.e-con>.elementor-widget-spacer.elementor-widget-empty .elementor-widget-empty-icon{position:absolute;top:0;bottom:0;left:0;right:0;margin:auto;padding:0;width:22px;height:22px}<\/style>\t\t<div class=\"elementor-spacer\">\n\t\t\t<div class=\"elementor-spacer-inner\"><\/div>\n\t\t<\/div>\n\t\t\t\t<\/div>\n\t\t\t\t<\/div>\n\t\t\t\t<div class=\"elementor-element elementor-element-0107f38 elementor-widget elementor-widget-text-editor\" data-id=\"0107f38\" data-element_type=\"widget\" data-widget_type=\"text-editor.default\">\n\t\t\t\t<div class=\"elementor-widget-container\">\n\t\t\t<style>\/*! elementor - v3.21.0 - 15-04-2024 *\/\n.elementor-widget-text-editor.elementor-drop-cap-view-stacked .elementor-drop-cap{background-color:#69727d;color:#fff}.elementor-widget-text-editor.elementor-drop-cap-view-framed .elementor-drop-cap{color:#69727d;border:3px solid;background-color:transparent}.elementor-widget-text-editor:not(.elementor-drop-cap-view-default) .elementor-drop-cap{margin-top:8px}.elementor-widget-text-editor:not(.elementor-drop-cap-view-default) .elementor-drop-cap-letter{width:1em;height:1em}.elementor-widget-text-editor .elementor-drop-cap{float:left;text-align:center;line-height:1;font-size:50px}.elementor-widget-text-editor .elementor-drop-cap-letter{display:inline-block}<\/style>\t\t\t\t\n<div class=\"wpcf7 no-js\" id=\"wpcf7-f5-o1\" lang=\"en-US\" dir=\"ltr\">\n<div class=\"screen-reader-response\"><p role=\"status\" aria-live=\"polite\" aria-atomic=\"true\"><\/p> <ul><\/ul><\/div>\n<form action=\"\/index.php?rest_route=%2Fwp%2Fv2%2Fpages%2F4497#wpcf7-f5-o1\" method=\"post\" class=\"wpcf7-form init\" aria-label=\"Contact form\" novalidate=\"novalidate\" data-status=\"init\">\n<div style=\"display: none;\">\n<input type=\"hidden\" name=\"_wpcf7\" value=\"5\" \/>\n<input type=\"hidden\" name=\"_wpcf7_version\" value=\"5.9.3\" \/>\n<input type=\"hidden\" name=\"_wpcf7_locale\" value=\"en_US\" \/>\n<input type=\"hidden\" name=\"_wpcf7_unit_tag\" value=\"wpcf7-f5-o1\" \/>\n<input type=\"hidden\" name=\"_wpcf7_container_post\" value=\"0\" \/>\n<input type=\"hidden\" name=\"_wpcf7_posted_data_hash\" value=\"\" \/>\n<\/div>\n<div class=\"col-lg-8 col-lg-offset-2 col-md-10 col-md-offset-1 col-sm-12 col-xs-12\">\n\n\t<!-- Aviso de Confidencialidade (Ocupa 100% da coluna central) -->\n\t<div class=\"col-lg-12 col-md-12 col-sm-12 col-xs-12\" style=\"margin-bottom: 20px;\">\n\t\t<div style=\"background-color:#f0f7ff; border:1px solid #bfe0ff; color:#31708f; padding:15px; margin-bottom:20px; border-radius:4px; font-family: sans-serif;\">\n\t\t\t<h4 style=\"margin-top:0; color:#31708f; font-weight:600;\">Aviso de Confidencialidade\n\t\t\t<\/h4>\n\t\t\t<p style=\"margin-bottom:0; font-size:14px;\">Este \u00e9 um canal confidencial. Se desejar, identifique-se nos campos abaixo. Se deixar em branco, o relato ser\u00e1 enviado sem identifica\u00e7\u00e3o (lembre-se que o sistema de e-mail pode registrar informa\u00e7\u00f5es de acesso).\n\t\t\t<\/p>\n\t\t<\/div>\n\t<\/div>\n\n\t<!-- \n\tTodos os campos agora s\u00e3o col-lg-12 (100% da largura) e t\u00eam a classe \"form-control\".\n\tEu tamb\u00e9m removi a tag <label> externa, pois o placeholder j\u00e1 faz esse papel.\n\tAdicionei um style=\"margin-bottom: 20px;\" para dar espa\u00e7amento.\n\t-->\n\n\t<!-- Campo: Nome (Opcional) -->\n\t<div class=\"col-lg-12 col-md-12 col-sm-12 col-xs-12\" style=\"margin-bottom: 20px;\">\n\t\t<p><span class=\"wpcf7-form-control-wrap\" data-name=\"seu-nome\"><input size=\"40\" class=\"wpcf7-form-control wpcf7-text form-control\" aria-invalid=\"false\" placeholder=\"Seu Nome (Opcional)\" value=\"\" type=\"text\" name=\"seu-nome\" \/><\/span>\n\t\t<\/p>\n\t<\/div>\n\n\t<!-- Campo: Email\/Telefone (Opcional) -->\n\t<div class=\"col-lg-12 col-md-12 col-sm-12 col-xs-12\" style=\"margin-bottom: 20px;\">\n\t\t<p><span class=\"wpcf7-form-control-wrap\" data-name=\"seu-email\"><input size=\"40\" class=\"wpcf7-form-control wpcf7-text form-control\" aria-invalid=\"false\" placeholder=\"Seu Email ou Telefone (Opcional)\" value=\"\" type=\"text\" name=\"seu-email\" \/><\/span>\n\t\t<\/p>\n\t<\/div>\n\n\t<!-- Campo: Tipo de Ocorr\u00eancia (Obrigat\u00f3rio) -->\n\t<div class=\"col-lg-12 col-md-12 col-sm-12 col-xs-12\" style=\"margin-bottom: 20px;\">\n\t\t<p><span class=\"wpcf7-form-control-wrap\" data-name=\"tipo-ocorrencia\"><select class=\"wpcf7-form-control wpcf7-select wpcf7-validates-as-required form-control\" aria-required=\"true\" aria-invalid=\"false\" name=\"tipo-ocorrencia\"><option value=\"Selecione o tipo de den\u00fancia*\">Selecione o tipo de den\u00fancia*<\/option><option value=\"Viola\u00e7\u00e3o de Seguran\u00e7a do Trabalho\">Viola\u00e7\u00e3o de Seguran\u00e7a do Trabalho<\/option><option value=\"Ass\u00e9dio, Discrimina\u00e7\u00e3o ou Preconceito\">Ass\u00e9dio, Discrimina\u00e7\u00e3o ou Preconceito<\/option><option value=\"Fraude, Corrup\u00e7\u00e3o ou Suborno\">Fraude, Corrup\u00e7\u00e3o ou Suborno<\/option><option value=\"Impacto Ambiental ou Descumprimento de Norma\">Impacto Ambiental ou Descumprimento de Norma<\/option><option value=\"Problema de Qualidade na Obra\">Problema de Qualidade na Obra<\/option><option value=\"Roubo ou Desvio de Materiais\">Roubo ou Desvio de Materiais<\/option><option value=\"Outros\">Outros<\/option><\/select><\/span>\n\t\t<\/p>\n\t<\/div>\n\n\t<!-- Campo: Data (Obrigat\u00f3rio) -->\n\t<div class=\"col-lg-12 col-md-12 col-sm-12 col-xs-12\" style=\"margin-bottom: 20px;\">\n\t\t<p><span class=\"wpcf7-form-control-wrap\" data-name=\"data-ocorrencia\"><input class=\"wpcf7-form-control wpcf7-date wpcf7-validates-as-required wpcf7-validates-as-date form-control\" aria-required=\"true\" aria-invalid=\"false\" placeholder=\"Data aproximada da ocorr\u00eancia*\" value=\"\" type=\"date\" name=\"data-ocorrencia\" \/><\/span>\n\t\t<\/p>\n\t<\/div>\n\n\t<!-- Campo: Local (Obrigat\u00f3rio) -->\n\t<div class=\"col-lg-12 col-md-12 col-sm-12 col-xs-12\" style=\"margin-bottom: 20px;\">\n\t\t<p><span class=\"wpcf7-form-control-wrap\" data-name=\"local\"><input size=\"40\" class=\"wpcf7-form-control wpcf7-text wpcf7-validates-as-required form-control\" aria-required=\"true\" aria-invalid=\"false\" placeholder=\"Local da Ocorr\u00eancia (Obra \/ Escrit\u00f3rio)*\" value=\"\" type=\"text\" name=\"local\" \/><\/span>\n\t\t<\/p>\n\t<\/div>\n\n\t<!-- Campo: Descri\u00e7\u00e3o (Obrigat\u00f3rio) -->\n\t<div class=\"col-lg-12 col-md-12 col-sm-12 col-xs-12\" style=\"margin-bottom: 20px;\">\n\t\t<p><span class=\"wpcf7-form-control-wrap\" data-name=\"descricao\"><textarea cols=\"40\" rows=\"6\" class=\"wpcf7-form-control wpcf7-textarea wpcf7-validates-as-required form-control\" aria-required=\"true\" aria-invalid=\"false\" placeholder=\"Descri\u00e7\u00e3o detalhada do fato (O que, quem, quando, onde)*\" name=\"descricao\"><\/textarea><\/span>\n\t\t<\/p>\n\t<\/div>\t\n\n\t<!-- Campo: Envolvidos (Opcional) -->\n\t<div class=\"col-lg-12 col-md-12 col-sm-12 col-xs-12\" style=\"margin-bottom: 20px;\">\n\t\t<p><span class=\"wpcf7-form-control-wrap\" data-name=\"pessoas-envolvidas\"><textarea cols=\"40\" rows=\"4\" class=\"wpcf7-form-control wpcf7-textarea form-control\" aria-invalid=\"false\" placeholder=\"Pessoas envolvidas (se souber)\" name=\"pessoas-envolvidas\"><\/textarea><\/span>\n\t\t<\/p>\n\t<\/div>\t\n\n\t<!-- Bot\u00e3o de Envio -->\n\t<div class=\"col-lg-12 col-md-12 col-sm-12 col-xs-12 text-center\">\n\t\t<!-- \n\t\tUsei classes de bot\u00e3o padr\u00e3o do Bootstrap (btn btn-primary).\n\t\tSe seu tema usa outras classes, sinta-se \u00e0 vontade para trocar.\n\t\t-->\n\t\t<p><input class=\"wpcf7-form-control wpcf7-submit has-spinner btn btn-primary btn-lg\" type=\"submit\" value=\"Enviar Den\u00fancia\" \/>\n\t\t<\/p>\n\t<\/div>\n<\/div><!-- Fim da coluna centralizada --><div class=\"wpcf7-response-output\" aria-hidden=\"true\"><\/div>\n<\/form>\n<\/div>\n\t\t\t\t\t\t<\/div>\n\t\t\t\t<\/div>\n\t\t\t\t\t<\/div>\n\t\t<\/div>\n\t\t\t\t\t<\/div>\n\t\t<\/section>\n\t\t\t\t<\/div>\n\t\t","protected":false},"excerpt":{"rendered":"<p>A Adolfo Neto disponibiliza para voc\u00ea um canal de den\u00fancia Fique tranquilo que \u00e9 totalmente an\u00f4nimo<\/p>\n","protected":false},"author":1,"featured_media":0,"parent":0,"menu_order":0,"comment_status":"closed","ping_status":"closed","template":"","meta":{"om_disable_all_campaigns":false,"_monsterinsights_skip_tracking":false,"_monsterinsights_sitenote_active":false,"_monsterinsights_sitenote_note":"","_monsterinsights_sitenote_category":0,"footnotes":""},"aioseo_notices":[],"_links":{"self":[{"href":"https:\/\/adolfoneto.com.br\/index.php?rest_route=\/wp\/v2\/pages\/4497"}],"collection":[{"href":"https:\/\/adolfoneto.com.br\/index.php?rest_route=\/wp\/v2\/pages"}],"about":[{"href":"https:\/\/adolfoneto.com.br\/index.php?rest_route=\/wp\/v2\/types\/page"}],"author":[{"embeddable":true,"href":"https:\/\/adolfoneto.com.br\/index.php?rest_route=\/wp\/v2\/users\/1"}],"replies":[{"embeddable":true,"href":"https:\/\/adolfoneto.com.br\/index.php?rest_route=%2Fwp%2Fv2%2Fcomments&post=4497"}],"version-history":[{"count":10,"href":"https:\/\/adolfoneto.com.br\/index.php?rest_route=\/wp\/v2\/pages\/4497\/revisions"}],"predecessor-version":[{"id":4509,"href":"https:\/\/adolfoneto.com.br\/index.php?rest_route=\/wp\/v2\/pages\/4497\/revisions\/4509"}],"wp:attachment":[{"href":"https:\/\/adolfoneto.com.br\/index.php?rest_route=%2Fwp%2Fv2%2Fmedia&parent=4497"}],"curies":[{"name":"wp","href":"https:\/\/api.w.org\/{rel}","templated":true}]}}